{"id":2067,"date":"2026-03-04T10:32:03","date_gmt":"2026-03-04T09:32:03","guid":{"rendered":"https:\/\/moralesdelpozo.com\/?page_id=2067"},"modified":"2026-03-04T12:03:34","modified_gmt":"2026-03-04T11:03:34","slug":"clientes-2","status":"publish","type":"page","link":"https:\/\/moralesdelpozo.com\/?page_id=2067","title":{"rendered":"CLIENTES"},"content":{"rendered":"\n<div class=\"wp-block-columns is-layout-flex wp-container-core-columns-is-layout-2d7698b3 wp-block-columns-is-layout-flex\" style=\"padding-right:0;padding-left:0\">\n<div class=\"wp-block-column is-vertically-aligned-center is-layout-flow wp-block-column-is-layout-flow\" style=\"padding-right:var(--wp--preset--spacing--60);padding-left:var(--wp--preset--spacing--60)\">\n<div data-wp-context=\"{ &quot;autoclose&quot;: false, &quot;accordionItems&quot;: [] }\" data-wp-interactive=\"core\/accordion\" role=\"group\" class=\"wp-block-accordion is-layout-flow wp-block-accordion-is-layout-flow\" style=\"border-style:none;border-width:0px;border-top-left-radius:0px;border-top-right-radius:0px;border-bottom-left-radius:0px;border-bottom-right-radius:0px;margin-top:0;margin-bottom:0;padding-right:0;padding-left:0\">\n<div data-wp-class--is-open=\"state.isOpen\" data-wp-context=\"{ &quot;id&quot;: &quot;accordion-item-1&quot;, &quot;openByDefault&quot;: false }\" data-wp-init=\"callbacks.initAccordionItems\" data-wp-on-window--hashchange=\"callbacks.hashChange\" class=\"wp-block-accordion-item is-layout-flow wp-block-accordion-item-is-layout-flow\">\n<h3 class=\"wp-block-accordion-heading\"><button aria-expanded=\"false\" aria-controls=\"accordion-item-1-panel\" data-wp-bind--aria-expanded=\"state.isOpen\" data-wp-on--click=\"actions.toggle\" data-wp-on--keydown=\"actions.handleKeyDown\" id=\"accordion-item-1\" type=\"button\" class=\"wp-block-accordion-heading__toggle\"><span class=\"wp-block-accordion-heading__toggle-title\"><img decoding=\"async\" width=\"150\" height=\"102\" class=\"wp-image-2055\" style=\"width: 150px;\" src=\"https:\/\/moralesdelpozo.com\/wp-content\/uploads\/2026\/03\/alvaro.png\" alt=\"\" srcset=\"https:\/\/moralesdelpozo.com\/wp-content\/uploads\/2026\/03\/alvaro.png 1024w, https:\/\/moralesdelpozo.com\/wp-content\/uploads\/2026\/03\/alvaro-300x204.png 300w, https:\/\/moralesdelpozo.com\/wp-content\/uploads\/2026\/03\/alvaro-768x521.png 768w\" sizes=\"(max-width: 150px) 100vw, 150px\" \/><\/span><span class=\"wp-block-accordion-heading__toggle-icon\" aria-hidden=\"true\">+<\/span><\/button><\/h3>\n\n\n\n<div inert aria-labelledby=\"accordion-item-1\" data-wp-bind--inert=\"!state.isOpen\" id=\"accordion-item-1-panel\" role=\"region\" class=\"wp-block-accordion-panel is-layout-flow wp-block-accordion-panel-is-layout-flow\">\n<ul class=\"wp-block-list\">\n<li>Calle El Carmen, Madrid<\/li>\n\n\n\n<li>Avenida Maisonnave, Alicante<\/li>\n\n\n\n<li>Calle Col\u00f3n, Valencia<\/li>\n\n\n\n<li>Calle Mayor, Cartagena (Murcia)<\/li>\n\n\n\n<li>Calle San Eloy, Sevilla<\/li>\n\n\n\n<li>Plaza Mayor, Osuna (Sevilla)<\/li>\n\n\n\n<li>Plaza Rodr\u00edguez Mar\u00edn, Osuna (Sevilla)<\/li>\n\n\n\n<li>Calle Federico Mendiz\u00e1bal, J\u00e1en<\/li>\n\n\n\n<li>Calle Toro, Salamanca<\/li>\n\n\n\n<li>Paseo de la Independencia, Zaragoza<\/li>\n\n\n\n<li>Calle Palacio Vald\u00e9s, Oviedo<\/li>\n\n\n\n<li>Calle Cam\u00ed de la Via, Viladecans (Barcelona)<\/li>\n\n\n\n<li>El Corte Ingl\u00e9s de Vaguada, Madrid<\/li>\n\n\n\n<li>El Corte Ingl\u00e9s de Alicante<\/li>\n\n\n\n<li>El Corte Ingl\u00e9s de Plaza del Duque, Sevilla<\/li>\n\n\n\n<li>El Corte Ingl\u00e9s de Plaza del Duque Corner Kids, Sevilla<\/li>\n\n\n\n<li>El Corte Ingl\u00e9s de San Juan de Aznalfarache, (Sevilla)<\/li>\n\n\n\n<li>El Corte Ingl\u00e9s de San Juan de Aznalfarache Corner Kids, (Sevilla)<\/li>\n\n\n\n<li>El Corte Ingl\u00e9s de C\u00e1diz<\/li>\n\n\n\n<li>El Corte Ingl\u00e9s de Bah\u00eda de Algeciras (C\u00e1diz)<\/li>\n\n\n\n<li>El Corte Ingl\u00e9s de C\u00f3rdoba<\/li>\n\n\n\n<li>El Corte Ingl\u00e9s de Granada<\/li>\n\n\n\n<li>El Corte Ingl\u00e9s de Huelva<\/li>\n\n\n\n<li>El Corte Ingl\u00e9s de Ja\u00e9n<\/li>\n\n\n\n<li>El Corte Ingl\u00e9s de Albacete<\/li>\n\n\n\n<li>El Corte Ingl\u00e9s de Badajoz<\/li>\n\n\n\n<li>El Corte Ingl\u00e9s de Santander<\/li>\n\n\n\n<li>C.C. Xanad\u00fa, M\u00f3stoles (Madrid)<\/li>\n\n\n\n<li>C.C. Las Rozas The Style Outlets, Las Rozas (Madrid)<\/li>\n\n\n\n<li>C.C. Nervi\u00f3n Plaza, Sevilla<\/li>\n\n\n\n<li>C.C. Los Arcos, Sevilla<\/li>\n\n\n\n<li>C.C. Sevilla Fashion Outlets, Sevilla<\/li>\n\n\n\n<li>C.C. Bah\u00eda Sur, San Fernando (C\u00e1diz)<\/li>\n\n\n\n<li>C.C. Miramar, Fuengirola (M\u00e1laga)<\/li>\n\n\n\n<li>C.C. Nevada, Armilla (Granada)<\/li>\n\n\n\n<li>C.C. Grana\u00edta, Pulianas (Granada)<\/li>\n\n\n\n<li>C.C. Ja\u00e9n Plaza, J\u00e1en<\/li>\n\n\n\n<li>C.C. El Faro, Badajoz<\/li>\n\n\n\n<li>C.C. The Style Outlets de Coru\u00f1a<\/li>\n<\/ul>\n<\/div>\n<\/div>\n<\/div>\n\n\n\n<div data-wp-context=\"{ &quot;autoclose&quot;: false, &quot;accordionItems&quot;: [] }\" data-wp-interactive=\"core\/accordion\" role=\"group\" class=\"wp-block-accordion is-layout-flow wp-block-accordion-is-layout-flow\">\n<div data-wp-class--is-open=\"state.isOpen\" data-wp-context=\"{ &quot;id&quot;: &quot;accordion-item-2&quot;, &quot;openByDefault&quot;: false }\" data-wp-init=\"callbacks.initAccordionItems\" data-wp-on-window--hashchange=\"callbacks.hashChange\" class=\"wp-block-accordion-item is-layout-flow wp-block-accordion-item-is-layout-flow\">\n<h3 class=\"wp-block-accordion-heading\"><button aria-expanded=\"false\" aria-controls=\"accordion-item-2-panel\" data-wp-bind--aria-expanded=\"state.isOpen\" data-wp-on--click=\"actions.toggle\" data-wp-on--keydown=\"actions.handleKeyDown\" id=\"accordion-item-2\" type=\"button\" class=\"wp-block-accordion-heading__toggle\" style=\"padding-right:0;padding-left:0\"><span class=\"wp-block-accordion-heading__toggle-title\"><img decoding=\"async\" width=\"150\" height=\"102\" class=\"wp-image-2056\" style=\"width: 150px;\" src=\"https:\/\/moralesdelpozo.com\/wp-content\/uploads\/2026\/03\/arenal.png\" alt=\"\" srcset=\"https:\/\/moralesdelpozo.com\/wp-content\/uploads\/2026\/03\/arenal.png 1024w, https:\/\/moralesdelpozo.com\/wp-content\/uploads\/2026\/03\/arenal-300x204.png 300w, https:\/\/moralesdelpozo.com\/wp-content\/uploads\/2026\/03\/arenal-768x521.png 768w\" sizes=\"(max-width: 150px) 100vw, 150px\" \/> <\/span><span class=\"wp-block-accordion-heading__toggle-icon\" aria-hidden=\"true\">+<\/span><\/button><\/h3>\n\n\n\n<div inert aria-labelledby=\"accordion-item-2\" data-wp-bind--inert=\"!state.isOpen\" id=\"accordion-item-2-panel\" role=\"region\" class=\"wp-block-accordion-panel is-layout-flow wp-block-accordion-panel-is-layout-flow\">\n<ul class=\"wp-block-list\">\n<li>Calle del Toro, Salamanca<\/li>\n\n\n\n<li>Calle Menacho, Badajoz<\/li>\n\n\n\n<li>Plaza Mayor, Plasencia (C\u00e1ceres)<\/li>\n\n\n\n<li>Avenida P\u00edo XII, Talavera de la Reina (Toledo)<\/li>\n\n\n\n<li>Calle Antonia Ferr\u00edn Moreiras, Lal\u00edn (Pontevedra)<\/li>\n\n\n\n<li>Avenida de la Constituci\u00f3n, Don Benito (Badajoz)<\/li>\n\n\n\n<li>C.C. Ferial Plaza, Guadalajara<\/li>\n\n\n\n<li>C.C. Parque Ferrol, A Coru\u00f1a<\/li>\n<\/ul>\n<\/div>\n<\/div>\n<\/div>\n\n\n\n<div data-wp-context=\"{ &quot;autoclose&quot;: false, &quot;accordionItems&quot;: [] }\" data-wp-interactive=\"core\/accordion\" role=\"group\" class=\"wp-block-accordion is-layout-flow wp-container-core-accordion-is-layout-b108c007 wp-block-accordion-is-layout-flow\" style=\"padding-right:0;padding-left:0\">\n<div data-wp-class--is-open=\"state.isOpen\" data-wp-context=\"{ &quot;id&quot;: &quot;accordion-item-3&quot;, &quot;openByDefault&quot;: false }\" data-wp-init=\"callbacks.initAccordionItems\" data-wp-on-window--hashchange=\"callbacks.hashChange\" class=\"wp-block-accordion-item is-layout-flow wp-block-accordion-item-is-layout-flow\">\n<h3 class=\"wp-block-accordion-heading\"><button aria-expanded=\"false\" aria-controls=\"accordion-item-3-panel\" data-wp-bind--aria-expanded=\"state.isOpen\" data-wp-on--click=\"actions.toggle\" data-wp-on--keydown=\"actions.handleKeyDown\" id=\"accordion-item-3\" type=\"button\" class=\"wp-block-accordion-heading__toggle\"><span class=\"wp-block-accordion-heading__toggle-title\"><img decoding=\"async\" width=\"150\" height=\"102\" class=\"wp-image-2063\" style=\"width: 150px;\" src=\"https:\/\/moralesdelpozo.com\/wp-content\/uploads\/2026\/03\/tramas.png\" alt=\"\" srcset=\"https:\/\/moralesdelpozo.com\/wp-content\/uploads\/2026\/03\/tramas.png 1024w, https:\/\/moralesdelpozo.com\/wp-content\/uploads\/2026\/03\/tramas-300x204.png 300w, https:\/\/moralesdelpozo.com\/wp-content\/uploads\/2026\/03\/tramas-768x521.png 768w\" sizes=\"(max-width: 150px) 100vw, 150px\" \/><\/span><span class=\"wp-block-accordion-heading__toggle-icon\" aria-hidden=\"true\">+<\/span><\/button><\/h3>\n\n\n\n<div inert aria-labelledby=\"accordion-item-3\" data-wp-bind--inert=\"!state.isOpen\" id=\"accordion-item-3-panel\" role=\"region\" class=\"wp-block-accordion-panel is-layout-flow wp-block-accordion-panel-is-layout-flow\">\n<ul class=\"wp-block-list\">\n<li>Calle Rambla, Sabadell (Barcelona)<\/li>\n\n\n\n<li>C.C. Gran Casa, Zaragoza<\/li>\n\n\n\n<li>C.C. La Sierra, C\u00f3rdoba<\/li>\n\n\n\n<li>C.C. N4, \u00c9cija (Sevilla)<\/li>\n<\/ul>\n<\/div>\n<\/div>\n<\/div>\n\n\n\n<div data-wp-context=\"{ &quot;autoclose&quot;: false, &quot;accordionItems&quot;: [] }\" data-wp-interactive=\"core\/accordion\" role=\"group\" class=\"wp-block-accordion is-layout-flow wp-block-accordion-is-layout-flow\">\n<div data-wp-class--is-open=\"state.isOpen\" data-wp-context=\"{ &quot;id&quot;: &quot;accordion-item-4&quot;, &quot;openByDefault&quot;: false }\" data-wp-init=\"callbacks.initAccordionItems\" data-wp-on-window--hashchange=\"callbacks.hashChange\" class=\"wp-block-accordion-item is-layout-flow wp-block-accordion-item-is-layout-flow\">\n<h3 class=\"wp-block-accordion-heading\"><button aria-expanded=\"false\" aria-controls=\"accordion-item-4-panel\" data-wp-bind--aria-expanded=\"state.isOpen\" data-wp-on--click=\"actions.toggle\" data-wp-on--keydown=\"actions.handleKeyDown\" id=\"accordion-item-4\" type=\"button\" class=\"wp-block-accordion-heading__toggle\"><span class=\"wp-block-accordion-heading__toggle-title\"><img loading=\"lazy\" decoding=\"async\" width=\"150\" height=\"102\" class=\"wp-image-2062\" style=\"width: 150px;\" src=\"https:\/\/moralesdelpozo.com\/wp-content\/uploads\/2026\/03\/tramas-home.png\" alt=\"\" srcset=\"https:\/\/moralesdelpozo.com\/wp-content\/uploads\/2026\/03\/tramas-home.png 1024w, https:\/\/moralesdelpozo.com\/wp-content\/uploads\/2026\/03\/tramas-home-300x204.png 300w, https:\/\/moralesdelpozo.com\/wp-content\/uploads\/2026\/03\/tramas-home-768x521.png 768w\" sizes=\"(max-width: 150px) 100vw, 150px\" \/><\/span><span class=\"wp-block-accordion-heading__toggle-icon\" aria-hidden=\"true\">+<\/span><\/button><\/h3>\n\n\n\n<div inert aria-labelledby=\"accordion-item-4\" data-wp-bind--inert=\"!state.isOpen\" id=\"accordion-item-4-panel\" role=\"region\" class=\"wp-block-accordion-panel is-layout-flow wp-block-accordion-panel-is-layout-flow\">\n<ul class=\"wp-block-list\">\n<li>Calle Concepci\u00f3n, C\u00f3rdoba<\/li>\n\n\n\n<li>Calle Rambla, Sabadell (Barcelona)<\/li>\n\n\n\n<li>C.C. Gran Casa, Zaragoza<\/li>\n\n\n\n<li>C.C. La Sierra, C\u00f3rdoba<\/li>\n<\/ul>\n<\/div>\n<\/div>\n<\/div>\n\n\n\n<div data-wp-context=\"{ &quot;autoclose&quot;: false, &quot;accordionItems&quot;: [] }\" data-wp-interactive=\"core\/accordion\" role=\"group\" class=\"wp-block-accordion is-layout-flow wp-container-core-accordion-is-layout-b108c007 wp-block-accordion-is-layout-flow\" style=\"padding-right:0;padding-left:0\">\n<div data-wp-class--is-open=\"state.isOpen\" data-wp-context=\"{ &quot;id&quot;: &quot;accordion-item-5&quot;, &quot;openByDefault&quot;: false }\" data-wp-init=\"callbacks.initAccordionItems\" data-wp-on-window--hashchange=\"callbacks.hashChange\" class=\"wp-block-accordion-item is-layout-flow wp-block-accordion-item-is-layout-flow\">\n<h3 class=\"wp-block-accordion-heading\"><button aria-expanded=\"false\" aria-controls=\"accordion-item-5-panel\" data-wp-bind--aria-expanded=\"state.isOpen\" data-wp-on--click=\"actions.toggle\" data-wp-on--keydown=\"actions.handleKeyDown\" id=\"accordion-item-5\" type=\"button\" class=\"wp-block-accordion-heading__toggle\"><span class=\"wp-block-accordion-heading__toggle-title\"><img loading=\"lazy\" decoding=\"async\" width=\"150\" height=\"102\" class=\"wp-image-2059\" style=\"width: 150px;\" src=\"https:\/\/moralesdelpozo.com\/wp-content\/uploads\/2026\/03\/esenzia.png\" alt=\"\" srcset=\"https:\/\/moralesdelpozo.com\/wp-content\/uploads\/2026\/03\/esenzia.png 1024w, https:\/\/moralesdelpozo.com\/wp-content\/uploads\/2026\/03\/esenzia-300x204.png 300w, https:\/\/moralesdelpozo.com\/wp-content\/uploads\/2026\/03\/esenzia-768x521.png 768w\" sizes=\"(max-width: 150px) 100vw, 150px\" \/><\/span><span class=\"wp-block-accordion-heading__toggle-icon\" aria-hidden=\"true\">+<\/span><\/button><\/h3>\n\n\n\n<div inert aria-labelledby=\"accordion-item-5\" data-wp-bind--inert=\"!state.isOpen\" id=\"accordion-item-5-panel\" role=\"region\" class=\"wp-block-accordion-panel is-layout-flow wp-block-accordion-panel-is-layout-flow\">\n<ul class=\"wp-block-list\">\n<li>Calle Manuel de Sandoval, C\u00f3rdoba<\/li>\n<\/ul>\n<\/div>\n<\/div>\n<\/div>\n<\/div>\n\n\n\n<div class=\"wp-block-column is-layout-flow wp-container-core-column-is-layout-8afa419e wp-block-column-is-layout-flow\" style=\"padding-right:var(--wp--preset--spacing--60);padding-left:var(--wp--preset--spacing--60)\">\n<div data-wp-context=\"{ &quot;autoclose&quot;: false, &quot;accordionItems&quot;: [] }\" data-wp-interactive=\"core\/accordion\" role=\"group\" class=\"wp-block-accordion is-layout-flow wp-block-accordion-is-layout-flow\">\n<div data-wp-class--is-open=\"state.isOpen\" data-wp-context=\"{ &quot;id&quot;: &quot;accordion-item-6&quot;, &quot;openByDefault&quot;: false }\" data-wp-init=\"callbacks.initAccordionItems\" data-wp-on-window--hashchange=\"callbacks.hashChange\" class=\"wp-block-accordion-item is-layout-flow wp-block-accordion-item-is-layout-flow\">\n<h3 class=\"wp-block-accordion-heading\"><button aria-expanded=\"false\" aria-controls=\"accordion-item-6-panel\" data-wp-bind--aria-expanded=\"state.isOpen\" data-wp-on--click=\"actions.toggle\" data-wp-on--keydown=\"actions.handleKeyDown\" id=\"accordion-item-6\" type=\"button\" class=\"wp-block-accordion-heading__toggle\"><span class=\"wp-block-accordion-heading__toggle-title\"><img loading=\"lazy\" decoding=\"async\" width=\"150\" height=\"102\" class=\"wp-image-2061\" style=\"width: 150px;\" src=\"https:\/\/moralesdelpozo.com\/wp-content\/uploads\/2026\/03\/real-betis.png\" alt=\"\" srcset=\"https:\/\/moralesdelpozo.com\/wp-content\/uploads\/2026\/03\/real-betis.png 1024w, https:\/\/moralesdelpozo.com\/wp-content\/uploads\/2026\/03\/real-betis-300x204.png 300w, https:\/\/moralesdelpozo.com\/wp-content\/uploads\/2026\/03\/real-betis-768x521.png 768w\" sizes=\"(max-width: 150px) 100vw, 150px\" \/><\/span><span class=\"wp-block-accordion-heading__toggle-icon\" aria-hidden=\"true\">+<\/span><\/button><\/h3>\n\n\n\n<div inert aria-labelledby=\"accordion-item-6\" data-wp-bind--inert=\"!state.isOpen\" id=\"accordion-item-6-panel\" role=\"region\" class=\"wp-block-accordion-panel is-layout-flow wp-block-accordion-panel-is-layout-flow\">\n<ul class=\"wp-block-list\">\n<li>C.C. Lagoh Sevilla, Sevilla<\/li>\n<\/ul>\n<\/div>\n<\/div>\n<\/div>\n\n\n\n<div data-wp-context=\"{ &quot;autoclose&quot;: false, &quot;accordionItems&quot;: [] }\" data-wp-interactive=\"core\/accordion\" role=\"group\" class=\"wp-block-accordion is-layout-flow wp-container-core-accordion-is-layout-b108c007 wp-block-accordion-is-layout-flow\" style=\"padding-right:0;padding-left:0\">\n<div data-wp-class--is-open=\"state.isOpen\" data-wp-context=\"{ &quot;id&quot;: &quot;accordion-item-7&quot;, &quot;openByDefault&quot;: false }\" data-wp-init=\"callbacks.initAccordionItems\" data-wp-on-window--hashchange=\"callbacks.hashChange\" class=\"wp-block-accordion-item is-layout-flow wp-block-accordion-item-is-layout-flow\">\n<h3 class=\"wp-block-accordion-heading\"><button aria-expanded=\"false\" aria-controls=\"accordion-item-7-panel\" data-wp-bind--aria-expanded=\"state.isOpen\" data-wp-on--click=\"actions.toggle\" data-wp-on--keydown=\"actions.handleKeyDown\" id=\"accordion-item-7\" type=\"button\" class=\"wp-block-accordion-heading__toggle\"><span class=\"wp-block-accordion-heading__toggle-title\"><img loading=\"lazy\" decoding=\"async\" width=\"150\" height=\"102\" class=\"wp-image-2060\" style=\"width: 150px;\" src=\"https:\/\/moralesdelpozo.com\/wp-content\/uploads\/2026\/03\/havaianas.png\" alt=\"\" srcset=\"https:\/\/moralesdelpozo.com\/wp-content\/uploads\/2026\/03\/havaianas.png 1024w, https:\/\/moralesdelpozo.com\/wp-content\/uploads\/2026\/03\/havaianas-300x204.png 300w, https:\/\/moralesdelpozo.com\/wp-content\/uploads\/2026\/03\/havaianas-768x521.png 768w\" sizes=\"(max-width: 150px) 100vw, 150px\" \/><\/span><span class=\"wp-block-accordion-heading__toggle-icon\" aria-hidden=\"true\">+<\/span><\/button><\/h3>\n\n\n\n<div inert aria-labelledby=\"accordion-item-7\" data-wp-bind--inert=\"!state.isOpen\" id=\"accordion-item-7-panel\" role=\"region\" class=\"wp-block-accordion-panel is-layout-flow wp-block-accordion-panel-is-layout-flow\">\n<ul class=\"wp-block-list\">\n<li>C.C. Las Rozas Village, Las Rozas de Madrid (Madrid)<\/li>\n\n\n\n<li>C.C. La Roca Village, Santa Agn\u00e8s de Malanyanes (Barcelona)<\/li>\n\n\n\n<li>C.C. The Style Outlets, San Sebasti\u00e1n de los Reyes (Madrid)<\/li>\n<\/ul>\n<\/div>\n<\/div>\n<\/div>\n\n\n\n<div data-wp-context=\"{ &quot;autoclose&quot;: false, &quot;accordionItems&quot;: [] }\" data-wp-interactive=\"core\/accordion\" role=\"group\" class=\"wp-block-accordion is-layout-flow wp-container-core-accordion-is-layout-b108c007 wp-block-accordion-is-layout-flow\" style=\"padding-right:0;padding-left:0\">\n<div data-wp-class--is-open=\"state.isOpen\" data-wp-context=\"{ &quot;id&quot;: &quot;accordion-item-8&quot;, &quot;openByDefault&quot;: false }\" data-wp-init=\"callbacks.initAccordionItems\" data-wp-on-window--hashchange=\"callbacks.hashChange\" class=\"wp-block-accordion-item is-layout-flow wp-block-accordion-item-is-layout-flow\">\n<h3 class=\"wp-block-accordion-heading\"><button aria-expanded=\"false\" aria-controls=\"accordion-item-8-panel\" data-wp-bind--aria-expanded=\"state.isOpen\" data-wp-on--click=\"actions.toggle\" data-wp-on--keydown=\"actions.handleKeyDown\" id=\"accordion-item-8\" type=\"button\" class=\"wp-block-accordion-heading__toggle\"><span class=\"wp-block-accordion-heading__toggle-title\"><img loading=\"lazy\" decoding=\"async\" width=\"150\" height=\"102\" class=\"wp-image-2064\" style=\"width: 150px;\" src=\"https:\/\/moralesdelpozo.com\/wp-content\/uploads\/2026\/03\/vero-moda.png\" alt=\"\" srcset=\"https:\/\/moralesdelpozo.com\/wp-content\/uploads\/2026\/03\/vero-moda.png 1024w, https:\/\/moralesdelpozo.com\/wp-content\/uploads\/2026\/03\/vero-moda-300x204.png 300w, https:\/\/moralesdelpozo.com\/wp-content\/uploads\/2026\/03\/vero-moda-768x521.png 768w\" sizes=\"(max-width: 150px) 100vw, 150px\" \/><\/span><span class=\"wp-block-accordion-heading__toggle-icon\" aria-hidden=\"true\">+<\/span><\/button><\/h3>\n\n\n\n<div inert aria-labelledby=\"accordion-item-8\" data-wp-bind--inert=\"!state.isOpen\" id=\"accordion-item-8-panel\" role=\"region\" class=\"wp-block-accordion-panel is-layout-flow wp-block-accordion-panel-is-layout-flow\">\n<ul class=\"wp-block-list\">\n<li>C.C. Las Palmeras, Corralejo (Las Palmas de Gran Canaria)<\/li>\n<\/ul>\n<\/div>\n<\/div>\n<\/div>\n\n\n\n<div data-wp-context=\"{ &quot;autoclose&quot;: false, &quot;accordionItems&quot;: [] }\" data-wp-interactive=\"core\/accordion\" role=\"group\" class=\"wp-block-accordion is-layout-flow wp-block-accordion-is-layout-flow\">\n<div data-wp-class--is-open=\"state.isOpen\" data-wp-context=\"{ &quot;id&quot;: &quot;accordion-item-9&quot;, &quot;openByDefault&quot;: false }\" data-wp-init=\"callbacks.initAccordionItems\" data-wp-on-window--hashchange=\"callbacks.hashChange\" class=\"wp-block-accordion-item is-layout-flow wp-block-accordion-item-is-layout-flow\">\n<h3 class=\"wp-block-accordion-heading\"><button aria-expanded=\"false\" aria-controls=\"accordion-item-9-panel\" data-wp-bind--aria-expanded=\"state.isOpen\" data-wp-on--click=\"actions.toggle\" data-wp-on--keydown=\"actions.handleKeyDown\" id=\"accordion-item-9\" type=\"button\" class=\"wp-block-accordion-heading__toggle\"><span class=\"wp-block-accordion-heading__toggle-title\"><img loading=\"lazy\" decoding=\"async\" width=\"150\" height=\"102\" class=\"wp-image-2057\" style=\"width: 150px;\" src=\"https:\/\/moralesdelpozo.com\/wp-content\/uploads\/2026\/03\/atalaya.png\" alt=\"\" srcset=\"https:\/\/moralesdelpozo.com\/wp-content\/uploads\/2026\/03\/atalaya.png 1024w, https:\/\/moralesdelpozo.com\/wp-content\/uploads\/2026\/03\/atalaya-300x204.png 300w, https:\/\/moralesdelpozo.com\/wp-content\/uploads\/2026\/03\/atalaya-768x521.png 768w\" sizes=\"(max-width: 150px) 100vw, 150px\" \/><\/span><span class=\"wp-block-accordion-heading__toggle-icon\" aria-hidden=\"true\">+<\/span><\/button><\/h3>\n\n\n\n<div inert aria-labelledby=\"accordion-item-9\" data-wp-bind--inert=\"!state.isOpen\" id=\"accordion-item-9-panel\" role=\"region\" class=\"wp-block-accordion-panel is-layout-flow wp-block-accordion-panel-is-layout-flow\">\n<ul class=\"wp-block-list\">\n<li>C.C. As Termas, Lugo <\/li>\n<\/ul>\n<\/div>\n<\/div>\n<\/div>\n\n\n\n<div data-wp-context=\"{ &quot;autoclose&quot;: false, &quot;accordionItems&quot;: [] }\" data-wp-interactive=\"core\/accordion\" role=\"group\" class=\"wp-block-accordion is-layout-flow wp-block-accordion-is-layout-flow\">\n<div data-wp-class--is-open=\"state.isOpen\" data-wp-context=\"{ &quot;id&quot;: &quot;accordion-item-10&quot;, &quot;openByDefault&quot;: false }\" data-wp-init=\"callbacks.initAccordionItems\" data-wp-on-window--hashchange=\"callbacks.hashChange\" class=\"wp-block-accordion-item is-layout-flow wp-block-accordion-item-is-layout-flow\">\n<h3 class=\"wp-block-accordion-heading\"><button aria-expanded=\"false\" aria-controls=\"accordion-item-10-panel\" data-wp-bind--aria-expanded=\"state.isOpen\" data-wp-on--click=\"actions.toggle\" data-wp-on--keydown=\"actions.handleKeyDown\" id=\"accordion-item-10\" type=\"button\" class=\"wp-block-accordion-heading__toggle\"><span class=\"wp-block-accordion-heading__toggle-title\"><img loading=\"lazy\" decoding=\"async\" width=\"150\" height=\"102\" class=\"wp-image-2058\" style=\"width: 150px;\" src=\"https:\/\/moralesdelpozo.com\/wp-content\/uploads\/2026\/03\/casa-pastor.png\" alt=\"\" srcset=\"https:\/\/moralesdelpozo.com\/wp-content\/uploads\/2026\/03\/casa-pastor.png 1024w, https:\/\/moralesdelpozo.com\/wp-content\/uploads\/2026\/03\/casa-pastor-300x204.png 300w, https:\/\/moralesdelpozo.com\/wp-content\/uploads\/2026\/03\/casa-pastor-768x521.png 768w\" sizes=\"(max-width: 150px) 100vw, 150px\" \/><\/span><span class=\"wp-block-accordion-heading__toggle-icon\" aria-hidden=\"true\">+<\/span><\/button><\/h3>\n\n\n\n<div inert aria-labelledby=\"accordion-item-10\" data-wp-bind--inert=\"!state.isOpen\" id=\"accordion-item-10-panel\" role=\"region\" class=\"wp-block-accordion-panel is-layout-flow wp-block-accordion-panel-is-layout-flow\">\n<ul class=\"wp-block-list\">\n<li>Avenida Virgen del Carmen, Algeciras (C\u00e1diz)<\/li>\n<\/ul>\n<\/div>\n<\/div>\n<\/div>\n<\/div>\n<\/div>\n","protected":false},"excerpt":{"rendered":"","protected":false},"author":1,"featured_media":0,"parent":0,"menu_order":0,"comment_status":"closed","ping_status":"closed","template":"","meta":{"footnotes":""},"class_list":["post-2067","page","type-page","status-publish","hentry"],"_links":{"self":[{"href":"https:\/\/moralesdelpozo.com\/index.php?rest_route=\/wp\/v2\/pages\/2067","targetHints":{"allow":["GET"]}}],"collection":[{"href":"https:\/\/moralesdelpozo.com\/index.php?rest_route=\/wp\/v2\/pages"}],"about":[{"href":"https:\/\/moralesdelpozo.com\/index.php?rest_route=\/wp\/v2\/types\/page"}],"author":[{"embeddable":true,"href":"https:\/\/moralesdelpozo.com\/index.php?rest_route=\/wp\/v2\/users\/1"}],"replies":[{"embeddable":true,"href":"https:\/\/moralesdelpozo.com\/index.php?rest_route=%2Fwp%2Fv2%2Fcomments&post=2067"}],"version-history":[{"count":5,"href":"https:\/\/moralesdelpozo.com\/index.php?rest_route=\/wp\/v2\/pages\/2067\/revisions"}],"predecessor-version":[{"id":2086,"href":"https:\/\/moralesdelpozo.com\/index.php?rest_route=\/wp\/v2\/pages\/2067\/revisions\/2086"}],"wp:attachment":[{"href":"https:\/\/moralesdelpozo.com\/index.php?rest_route=%2Fwp%2Fv2%2Fmedia&parent=2067"}],"curies":[{"name":"wp","href":"https:\/\/api.w.org\/{rel}","templated":true}]}}