{"id":1899,"date":"2025-11-17T11:56:03","date_gmt":"2025-11-17T10:56:03","guid":{"rendered":"https:\/\/moralesdelpozo.com\/?page_id=1899"},"modified":"2025-11-17T11:56:05","modified_gmt":"2025-11-17T10:56:05","slug":"maclan-home","status":"publish","type":"page","link":"https:\/\/moralesdelpozo.com\/?page_id=1899","title":{"rendered":"MACL\u00c1N HOME"},"content":{"rendered":"\n<div class=\"wp-block-cover alignfull is-light has-custom-content-position is-position-bottom-center\" style=\"margin-top:0;margin-bottom:0;padding-top:var(--wp--preset--spacing--50);padding-right:var(--wp--preset--spacing--50);padding-bottom:var(--wp--preset--spacing--50);padding-left:var(--wp--preset--spacing--50);min-height:100vh;aspect-ratio:unset;\"><img fetchpriority=\"high\" decoding=\"async\" width=\"1024\" height=\"576\" class=\"wp-block-cover__image-background wp-image-1908 size-large\" alt=\"\" src=\"https:\/\/moralesdelpozo.com\/wp-content\/uploads\/2025\/11\/WEB-MACLAN-1024x576.png\" data-object-fit=\"cover\" srcset=\"https:\/\/moralesdelpozo.com\/wp-content\/uploads\/2025\/11\/WEB-MACLAN-1024x576.png 1024w, https:\/\/moralesdelpozo.com\/wp-content\/uploads\/2025\/11\/WEB-MACLAN-300x169.png 300w, https:\/\/moralesdelpozo.com\/wp-content\/uploads\/2025\/11\/WEB-MACLAN-768x432.png 768w, https:\/\/moralesdelpozo.com\/wp-content\/uploads\/2025\/11\/WEB-MACLAN-1536x864.png 1536w, https:\/\/moralesdelpozo.com\/wp-content\/uploads\/2025\/11\/WEB-MACLAN.png 2048w\" sizes=\"(max-width: 1024px) 100vw, 1024px\" \/><span aria-hidden=\"true\" class=\"wp-block-cover__background has-background-dim-10 has-background-dim\" style=\"background-color:#adaaa5\"><\/span><div class=\"wp-block-cover__inner-container has-global-padding is-layout-constrained wp-container-core-cover-is-layout-d89aad35 wp-block-cover-is-layout-constrained\">\n<div class=\"wp-block-group alignwide has-global-padding is-content-justification-left is-layout-constrained wp-container-core-group-is-layout-12dd3699 wp-block-group-is-layout-constrained\">\n<h2 class=\"wp-block-heading has-text-align-left has-xx-large-font-size\">\u00bfQU\u00c9 ES MACL\u00c1N HOME?<\/h2>\n\n\n\n<p>Macl\u00e1n Home es la marca especializada en Dise\u00f1o de Interiores desarrollada por <strong>MDP Estudio<\/strong>, liderado por Francisco Morales del Pozo, con amplia trayectoria en <strong>arquitectura, retail y dise\u00f1o de <\/strong>interiores y Mar\u00eda Garrido L\u00f3pez, con experiencia en <strong>gesti\u00f3n de proyectos y equipos<\/strong>. Macl\u00e1n nace para ofrecer un servicio profesional, enfocado a transformar espacios con una visi\u00f3n t\u00e9cnica y est\u00e9tica alineada con la arquitectura contempor\u00e1nea.<\/p>\n<\/div>\n<\/div><\/div>\n\n\n\n<div class=\"wp-block-group alignfull is-style-default has-background has-global-padding is-layout-constrained wp-block-group-is-layout-constrained\" style=\"background-color:#ddd4c6;margin-top:0;margin-bottom:0;padding-top:var(--wp--preset--spacing--50);padding-bottom:var(--wp--preset--spacing--50)\">\n<div class=\"wp-block-columns alignwide is-style-default is-layout-flex wp-container-core-columns-is-layout-7ee84d44 wp-block-columns-is-layout-flex\">\n<div class=\"wp-block-column is-vertically-aligned-center is-layout-flow wp-block-column-is-layout-flow\" style=\"flex-basis:50%\">\n<h3 class=\"wp-block-heading is-style-text-subtitle is-style-text-subtitle--1\">SERVICIOS DE INTERIORISMO<\/h3>\n\n\n\n<p class=\"has-medium-font-size\"><\/p>\n\n\n\n<h4 class=\"wp-block-heading has-medium-font-size\">Dise\u00f1o del Hogar<\/h4>\n\n\n\n<p>En Macl\u00e1n Home ofrecemos un servicio integral de interiorismo que abarca desde la conceptualizaci\u00f3n espacial, elecci\u00f3n de mobiliario, materiales e iluminaci\u00f3n, hasta la visualizaci\u00f3n en 3D y su ejecuci\u00f3n. Dise\u00f1amos <strong>viviendas funcionales<\/strong> y coherentes con la arquitectura, asegurando el equilibrio entre est\u00e9tica, confort y durabilidad.<\/p>\n\n\n\n<h4 class=\"wp-block-heading has-medium-font-size\">Dise\u00f1o de Locales<\/h4>\n\n\n\n<p class=\"has-medium-font-size\">Estamos especializados en dise\u00f1o de interior para <em>retail<\/em> y espacios comerciales, con enfoque t\u00e9cnico en la <strong>experiencia del usuario<\/strong>, optimizaci\u00f3n de recorridos, identidad de marca y funcionalidad del espacio. MDP traslada su conocimiento arquitect\u00f3nico a la atm\u00f3sfera del local a trav\u00e9s de Macl\u00e1n Home, garantizando resultados t\u00e9cnicos, sensoriales y estrat\u00e9gicos.<\/p>\n<\/div>\n\n\n\n<div class=\"wp-block-column is-vertically-aligned-center is-layout-flow wp-block-column-is-layout-flow\" style=\"flex-basis:50%\">\n<figure class=\"wp-block-image size-full\"><img decoding=\"async\" width=\"1440\" height=\"1924\" src=\"https:\/\/moralesdelpozo.com\/wp-content\/uploads\/2025\/11\/SALON1_DET2-scaled-e1763374489997.jpeg\" alt=\"\" class=\"wp-image-1868\" style=\"aspect-ratio:1;object-fit:cover\" srcset=\"https:\/\/moralesdelpozo.com\/wp-content\/uploads\/2025\/11\/SALON1_DET2-scaled-e1763374489997.jpeg 1440w, https:\/\/moralesdelpozo.com\/wp-content\/uploads\/2025\/11\/SALON1_DET2-scaled-e1763374489997-225x300.jpeg 225w, https:\/\/moralesdelpozo.com\/wp-content\/uploads\/2025\/11\/SALON1_DET2-scaled-e1763374489997-766x1024.jpeg 766w, https:\/\/moralesdelpozo.com\/wp-content\/uploads\/2025\/11\/SALON1_DET2-scaled-e1763374489997-768x1026.jpeg 768w, https:\/\/moralesdelpozo.com\/wp-content\/uploads\/2025\/11\/SALON1_DET2-scaled-e1763374489997-1150x1536.jpeg 1150w\" sizes=\"(max-width: 1440px) 100vw, 1440px\" \/><\/figure>\n<\/div>\n<\/div>\n<\/div>\n\n\n\n<div class=\"wp-block-group alignfull has-global-padding is-layout-constrained wp-block-group-is-layout-constrained\" style=\"margin-top:0;margin-bottom:0\">\n<div class=\"wp-block-group alignwide is-layout-grid wp-container-core-group-is-layout-5fdb10e5 wp-block-group-is-layout-grid\" style=\"padding-top:var(--wp--preset--spacing--50);padding-bottom:var(--wp--preset--spacing--50)\">\n<div class=\"wp-block-group is-vertical is-content-justification-stretch is-nowrap is-layout-flex wp-container-core-group-is-layout-627337ab wp-block-group-is-layout-flex\">\n<div class=\"wp-block-group is-vertical is-content-justification-left is-layout-flex wp-container-core-group-is-layout-dd225191 wp-block-group-is-layout-flex\">\n<h2 class=\"wp-block-heading has-large-font-size\">SERVICIOS EN TIENDA<\/h2>\n\n\n\n<p class=\"is-style-text-subtitle is-style-text-subtitle--2\">Adem\u00e1s de proyectos a medida, Macl\u00e1n Home ofrece una selecci\u00f3n de mobiliario, iluminaci\u00f3n y decoraci\u00f3n en tienda f\u00edsica, dise\u00f1ada para integrarse profesionalmente en los espacios proyectados, con asesoramiento t\u00e9cnico directo de nuestro equipo.<\/p>\n<\/div>\n\n\n\n<figure class=\"wp-block-image size-full\"><img decoding=\"async\" width=\"2268\" height=\"1512\" src=\"https:\/\/moralesdelpozo.com\/wp-content\/uploads\/2025\/11\/SALON2_DET3.jpeg\" alt=\"\" class=\"wp-image-1900\" style=\"aspect-ratio:16\/9;object-fit:cover\" srcset=\"https:\/\/moralesdelpozo.com\/wp-content\/uploads\/2025\/11\/SALON2_DET3.jpeg 2268w, https:\/\/moralesdelpozo.com\/wp-content\/uploads\/2025\/11\/SALON2_DET3-300x200.jpeg 300w, https:\/\/moralesdelpozo.com\/wp-content\/uploads\/2025\/11\/SALON2_DET3-1024x683.jpeg 1024w, https:\/\/moralesdelpozo.com\/wp-content\/uploads\/2025\/11\/SALON2_DET3-768x512.jpeg 768w, https:\/\/moralesdelpozo.com\/wp-content\/uploads\/2025\/11\/SALON2_DET3-1536x1024.jpeg 1536w, https:\/\/moralesdelpozo.com\/wp-content\/uploads\/2025\/11\/SALON2_DET3-2048x1365.jpeg 2048w\" sizes=\"(max-width: 2268px) 100vw, 2268px\" \/><\/figure>\n<\/div>\n\n\n\n<figure class=\"wp-block-image size-full\"><img loading=\"lazy\" decoding=\"async\" width=\"2048\" height=\"1536\" src=\"https:\/\/moralesdelpozo.com\/wp-content\/uploads\/2025\/11\/Imagen-de-WhatsApp-2025-10-16-a-las-09.13.29_12738880.jpg\" alt=\"\" class=\"wp-image-1905\" style=\"aspect-ratio:3\/4;object-fit:cover\" srcset=\"https:\/\/moralesdelpozo.com\/wp-content\/uploads\/2025\/11\/Imagen-de-WhatsApp-2025-10-16-a-las-09.13.29_12738880.jpg 2048w, https:\/\/moralesdelpozo.com\/wp-content\/uploads\/2025\/11\/Imagen-de-WhatsApp-2025-10-16-a-las-09.13.29_12738880-300x225.jpg 300w, https:\/\/moralesdelpozo.com\/wp-content\/uploads\/2025\/11\/Imagen-de-WhatsApp-2025-10-16-a-las-09.13.29_12738880-1024x768.jpg 1024w, https:\/\/moralesdelpozo.com\/wp-content\/uploads\/2025\/11\/Imagen-de-WhatsApp-2025-10-16-a-las-09.13.29_12738880-768x576.jpg 768w, https:\/\/moralesdelpozo.com\/wp-content\/uploads\/2025\/11\/Imagen-de-WhatsApp-2025-10-16-a-las-09.13.29_12738880-1536x1152.jpg 1536w\" sizes=\"(max-width: 2048px) 100vw, 2048px\" \/><\/figure>\n<\/div>\n<\/div>\n\n\n\n<div class=\"wp-block-group alignfull has-global-padding is-layout-constrained wp-container-core-group-is-layout-08655630 wp-block-group-is-layout-constrained\" style=\"margin-top:0;margin-bottom:0;padding-top:var(--wp--preset--spacing--80);padding-bottom:var(--wp--preset--spacing--80)\">\n<div class=\"wp-block-group alignwide is-layout-flow wp-block-group-is-layout-flow\">\n<p class=\"has-text-align-center is-style-text-display is-style-text-display--3\" style=\"font-style:normal;font-weight:400\"><strong>DESCUBRE MACL\u00c1N HOME<\/strong><\/p>\n\n\n\n<div class=\"wp-block-buttons is-content-justification-center is-layout-flex wp-container-core-buttons-is-layout-a89b3969 wp-block-buttons-is-layout-flex\">\n<div class=\"wp-block-button\"><a class=\"wp-block-button__link has-contrast-color has-text-color has-background has-link-color wp-element-button\" href=\"http:\/\/maclanhome.com\" style=\"background-color:#ddd4c6\">EXPLORAR MACL\u00c1N HOME<\/a><\/div>\n<\/div>\n\n\n\n<ul class=\"wp-block-social-links has-icon-color is-style-logos-only is-content-justification-center is-layout-flex wp-container-core-social-links-is-layout-a89b3969 wp-block-social-links-is-layout-flex\"><li class=\"wp-social-link wp-social-link-facebook has-contrast-color wp-block-social-link\"><a href=\"https:\/\/www.facebook.com\/maclanhome\/\" class=\"wp-block-social-link-anchor\"><svg width=\"24\" height=\"24\" viewBox=\"0 0 24 24\" version=\"1.1\" xmlns=\"http:\/\/www.w3.org\/2000\/svg\" aria-hidden=\"true\" focusable=\"false\"><path d=\"M12 2C6.5 2 2 6.5 2 12c0 5 3.7 9.1 8.4 9.9v-7H7.9V12h2.5V9.8c0-2.5 1.5-3.9 3.8-3.9 1.1 0 2.2.2 2.2.2v2.5h-1.3c-1.2 0-1.6.8-1.6 1.6V12h2.8l-.4 2.9h-2.3v7C18.3 21.1 22 17 22 12c0-5.5-4.5-10-10-10z\"><\/path><\/svg><span class=\"wp-block-social-link-label screen-reader-text\">Facebook<\/span><\/a><\/li>\n\n<li class=\"wp-social-link wp-social-link-instagram has-contrast-color wp-block-social-link\"><a href=\"https:\/\/www.instagram.com\/maclanhome\/\" class=\"wp-block-social-link-anchor\"><svg width=\"24\" height=\"24\" viewBox=\"0 0 24 24\" version=\"1.1\" xmlns=\"http:\/\/www.w3.org\/2000\/svg\" aria-hidden=\"true\" focusable=\"false\"><path d=\"M12,4.622c2.403,0,2.688,0.009,3.637,0.052c0.877,0.04,1.354,0.187,1.671,0.31c0.42,0.163,0.72,0.358,1.035,0.673 c0.315,0.315,0.51,0.615,0.673,1.035c0.123,0.317,0.27,0.794,0.31,1.671c0.043,0.949,0.052,1.234,0.052,3.637 s-0.009,2.688-0.052,3.637c-0.04,0.877-0.187,1.354-0.31,1.671c-0.163,0.42-0.358,0.72-0.673,1.035 c-0.315,0.315-0.615,0.51-1.035,0.673c-0.317,0.123-0.794,0.27-1.671,0.31c-0.949,0.043-1.233,0.052-3.637,0.052 s-2.688-0.009-3.637-0.052c-0.877-0.04-1.354-0.187-1.671-0.31c-0.42-0.163-0.72-0.358-1.035-0.673 c-0.315-0.315-0.51-0.615-0.673-1.035c-0.123-0.317-0.27-0.794-0.31-1.671C4.631,14.688,4.622,14.403,4.622,12 s0.009-2.688,0.052-3.637c0.04-0.877,0.187-1.354,0.31-1.671c0.163-0.42,0.358-0.72,0.673-1.035 c0.315-0.315,0.615-0.51,1.035-0.673c0.317-0.123,0.794-0.27,1.671-0.31C9.312,4.631,9.597,4.622,12,4.622 M12,3 C9.556,3,9.249,3.01,8.289,3.054C7.331,3.098,6.677,3.25,6.105,3.472C5.513,3.702,5.011,4.01,4.511,4.511 c-0.5,0.5-0.808,1.002-1.038,1.594C3.25,6.677,3.098,7.331,3.054,8.289C3.01,9.249,3,9.556,3,12c0,2.444,0.01,2.751,0.054,3.711 c0.044,0.958,0.196,1.612,0.418,2.185c0.23,0.592,0.538,1.094,1.038,1.594c0.5,0.5,1.002,0.808,1.594,1.038 c0.572,0.222,1.227,0.375,2.185,0.418C9.249,20.99,9.556,21,12,21s2.751-0.01,3.711-0.054c0.958-0.044,1.612-0.196,2.185-0.418 c0.592-0.23,1.094-0.538,1.594-1.038c0.5-0.5,0.808-1.002,1.038-1.594c0.222-0.572,0.375-1.227,0.418-2.185 C20.99,14.751,21,14.444,21,12s-0.01-2.751-0.054-3.711c-0.044-0.958-0.196-1.612-0.418-2.185c-0.23-0.592-0.538-1.094-1.038-1.594 c-0.5-0.5-1.002-0.808-1.594-1.038c-0.572-0.222-1.227-0.375-2.185-0.418C14.751,3.01,14.444,3,12,3L12,3z M12,7.378 c-2.552,0-4.622,2.069-4.622,4.622S9.448,16.622,12,16.622s4.622-2.069,4.622-4.622S14.552,7.378,12,7.378z M12,15 c-1.657,0-3-1.343-3-3s1.343-3,3-3s3,1.343,3,3S13.657,15,12,15z M16.804,6.116c-0.596,0-1.08,0.484-1.08,1.08 s0.484,1.08,1.08,1.08c0.596,0,1.08-0.484,1.08-1.08S17.401,6.116,16.804,6.116z\"><\/path><\/svg><span class=\"wp-block-social-link-label screen-reader-text\">Instagram<\/span><\/a><\/li><\/ul>\n<\/div>\n<\/div>\n","protected":false},"excerpt":{"rendered":"<p>SERVICIOS DE INTERIORISMO Dise\u00f1o del Hogar En Macl\u00e1n Home ofrecemos un servicio integral de interiorismo que abarca desde la conceptualizaci\u00f3n espacial, elecci\u00f3n de mobiliario, materiales e iluminaci\u00f3n, hasta la visualizaci\u00f3n en 3D y su ejecuci\u00f3n. Dise\u00f1amos viviendas funcionales y coherentes con la arquitectura, asegurando el equilibrio entre est\u00e9tica, confort y durabilidad. Dise\u00f1o de Locales Estamos [&hellip;]<\/p>\n","protected":false},"author":1,"featured_media":0,"parent":0,"menu_order":0,"comment_status":"closed","ping_status":"closed","template":"","meta":{"footnotes":""},"class_list":["post-1899","page","type-page","status-publish","hentry"],"_links":{"self":[{"href":"https:\/\/moralesdelpozo.com\/index.php?rest_route=\/wp\/v2\/pages\/1899","targetHints":{"allow":["GET"]}}],"collection":[{"href":"https:\/\/moralesdelpozo.com\/index.php?rest_route=\/wp\/v2\/pages"}],"about":[{"href":"https:\/\/moralesdelpozo.com\/index.php?rest_route=\/wp\/v2\/types\/page"}],"author":[{"embeddable":true,"href":"https:\/\/moralesdelpozo.com\/index.php?rest_route=\/wp\/v2\/users\/1"}],"replies":[{"embeddable":true,"href":"https:\/\/moralesdelpozo.com\/index.php?rest_route=%2Fwp%2Fv2%2Fcomments&post=1899"}],"version-history":[{"count":5,"href":"https:\/\/moralesdelpozo.com\/index.php?rest_route=\/wp\/v2\/pages\/1899\/revisions"}],"predecessor-version":[{"id":1910,"href":"https:\/\/moralesdelpozo.com\/index.php?rest_route=\/wp\/v2\/pages\/1899\/revisions\/1910"}],"wp:attachment":[{"href":"https:\/\/moralesdelpozo.com\/index.php?rest_route=%2Fwp%2Fv2%2Fmedia&parent=1899"}],"curies":[{"name":"wp","href":"https:\/\/api.w.org\/{rel}","templated":true}]}}