{"id":1503,"date":"2025-06-05T09:02:47","date_gmt":"2025-06-05T07:02:47","guid":{"rendered":"https:\/\/moralesdelpozo.com\/?page_id=1503"},"modified":"2026-03-06T12:48:19","modified_gmt":"2026-03-06T11:48:19","slug":"prueba-sin-plantilla-ni-patron","status":"publish","type":"page","link":"https:\/\/moralesdelpozo.com\/","title":{"rendered":"Prueba p\u00e1gina inicial"},"content":{"rendered":"\n<div class=\"wp-block-carousel-slider-slider @media only screen and (max-width: 768px) {  .wp-block-carousel-slider-slider flex-direction: column !important; }\"><div class=\"carousel-slider-outer carousel-slider-outer-image-carousel carousel-slider-outer-1436\" style=\"--carousel-slider-nav-color:#f1f1f1;--carousel-slider-active-nav-color:rgb(84,84,84);--carousel-slider-arrow-size:50px;--carousel-slider-bullet-size:10px\">\n<div id=\"&#039;id-1436\" class=\"carousel-slider carousel-slider-1436 arrows-visibility-hover dots-visibility-never arrows-outside dots-center dots-circle owl-carousel\" data-slide-type=\"image-carousel\" data-owl-settings='{\"nav\":true,\"dots\":false,\"slideBy\":1,\"stagePadding\":0,\"margin\":10,\"loop\":true,\"lazyLoad\":true,\"autoplay\":true,\"autoplayTimeout\":5000,\"autoplaySpeed\":500,\"autoplayHoverPause\":true,\"autoWidth\":false,\"responsive\":{\"300\":{\"items\":1},\"576\":{\"items\":1},\"768\":{\"items\":1},\"1024\":{\"items\":1},\"1280\":{\"items\":1},\"1536\":{\"items\":1}}}'>\n<div class=\"carousel-slider__item\">\n\t<img class=\"owl-lazy\" data-src=\"https:\/\/moralesdelpozo.com\/wp-content\/uploads\/2026\/03\/alvaro-valencia.png\" alt=\"\"><div class=\"carousel-slider__caption\"><h4 class=\"title\">\u00c1lvaro Moreno. Valencia - Retail<\/h4><\/div><\/a><\/div>\n\n<div class=\"carousel-slider__item\">\n\t<img class=\"owl-lazy\" data-src=\"https:\/\/moralesdelpozo.com\/wp-content\/uploads\/2026\/03\/pizarra.png\" alt=\"\"><div class=\"carousel-slider__caption\"><h4 class=\"title\">Vivienda J.E. - Pizarra<\/h4><\/div><\/a><\/div>\n\n<div class=\"carousel-slider__item\">\n\t<img class=\"owl-lazy\" data-src=\"https:\/\/moralesdelpozo.com\/wp-content\/uploads\/2026\/03\/arenal-web.png\" alt=\"\"><div class=\"carousel-slider__caption\"><h4 class=\"title\">Arenal Perfumer\u00edas. Badajoz - Retail<\/h4><\/div><\/a><\/div>\n\n<div class=\"carousel-slider__item\">\n\t<img class=\"owl-lazy\" data-src=\"https:\/\/moralesdelpozo.com\/wp-content\/uploads\/2026\/03\/Diseno-sin-titulo-3.png\" alt=\"\"><div class=\"carousel-slider__caption\"><h4 class=\"title\">Malavida. Estepa - Restaurante<\/h4><\/div><\/a><\/div>\n\n<div class=\"carousel-slider__item\">\n\t<img class=\"owl-lazy\" data-src=\"https:\/\/moralesdelpozo.com\/wp-content\/uploads\/2026\/03\/alvaro-eci.png\" alt=\"\"><div class=\"carousel-slider__caption\"><h4 class=\"title\">\u00c1lvaro Moreno. El Corte Ingl\u00e9s de Bah\u00eda Sur - Retail<\/h4><\/div><\/a><\/div>\n\n<div class=\"carousel-slider__item\">\n\t<img class=\"owl-lazy\" data-src=\"https:\/\/moralesdelpozo.com\/wp-content\/uploads\/2026\/03\/heladeria.png\" alt=\"\"><div class=\"carousel-slider__caption\"><h4 class=\"title\">Helados Estepa - Local<\/h4><\/div><\/a><\/div>\n\n<div class=\"carousel-slider__item\">\n\t<img class=\"owl-lazy\" data-src=\"https:\/\/moralesdelpozo.com\/wp-content\/uploads\/2026\/03\/Diseno-sin-titulo-4.png\" alt=\"\"><div class=\"carousel-slider__caption\"><h4 class=\"title\">Rehabilitaci\u00f3n A.G. Fuentes de Andaluc\u00eda - Rehabilitaciones<\/h4><\/div><\/a><\/div>\n\n<div class=\"carousel-slider__item\">\n\t<img class=\"owl-lazy\" data-src=\"https:\/\/moralesdelpozo.com\/wp-content\/uploads\/2026\/03\/canteras.png\" alt=\"\"><div class=\"carousel-slider__caption\"><h4 class=\"title\">Las Canteras. Pedrera - Restaurante<\/h4><\/div><\/a><\/div>\n\n<\/div><!-- .carousel-slider-1436 -->\n<\/div><!-- .carousel-slider-outer-1436 -->\n<\/div>\n\n\n\n<div class=\"wp-block-group has-global-padding is-layout-constrained wp-block-group-is-layout-constrained\">\n<div class=\"wp-block-columns alignwide @media only screen and (max-width: 768px) { .wp-block-columns flex-direction: column !important; } .wp-block-column width: 100% margin-bottom: 2rem; \/* separa cada bloque apilado *\/ .wp-block-group[style*=&quot;flex-wrap:nowrap&quot;] flex-wrap: wrap is-layout-flex wp-container-core-columns-is-layout-70d2bad4 wp-block-columns-is-layout-flex\" style=\"padding-right:var(--wp--preset--spacing--30);padding-left:var(--wp--preset--spacing--30)\">\n<div class=\"wp-block-column is-layout-flow wp-block-column-is-layout-flow\">\n<div class=\"wp-block-group is-nowrap is-layout-flex wp-container-core-group-is-layout-6c531013 wp-block-group-is-layout-flex\">\n<div style=\"height:32px;width:0px\" aria-hidden=\"true\" class=\"wp-block-spacer wp-container-content-1abe4828\"><\/div>\n\n\n\n<h1 class=\"wp-block-heading\">SERVICIOS<\/h1>\n<\/div>\n\n\n\n<div class=\"wp-block-group is-nowrap is-layout-flex wp-container-core-group-is-layout-4225e2c5 wp-block-group-is-layout-flex\" style=\"border-top-width:1px;border-right-width:1px;padding-top:3rem;padding-right:2rem;padding-bottom:1rem;padding-left:0rem\">\n<div class=\"wp-block-group is-vertical is-layout-flex wp-container-core-group-is-layout-fe9cc265 wp-block-group-is-layout-flex\">\n<div class=\"wp-block-group is-nowrap is-layout-flex wp-container-core-group-is-layout-6c531013 wp-block-group-is-layout-flex\">\n<h2 class=\"wp-block-heading\" style=\"text-transform:uppercase\">RETAIL <\/h2>\n<\/div>\n\n\n\n<div class=\"wp-block-group is-nowrap is-layout-flex wp-container-core-group-is-layout-6c531013 wp-block-group-is-layout-flex\">\n<p>Contamos con m\u00e1s de 10 a\u00f1os de experiencia en el sector <em>Retail<\/em>, en el dise\u00f1o de imagen y de mobiliario a medida, la implantaci\u00f3n de tiendas y labores de ingenier\u00eda.<\/p>\n<\/div>\n<\/div>\n<\/div>\n<\/div>\n\n\n\n<div class=\"wp-block-column is-layout-flow wp-block-column-is-layout-flow\">\n<div style=\"height:58px\" aria-hidden=\"true\" class=\"wp-block-spacer\"><\/div>\n\n\n\n<div class=\"wp-block-group is-vertical is-content-justification-stretch is-layout-flex wp-container-core-group-is-layout-94bd9ed7 wp-block-group-is-layout-flex\" style=\"border-top-width:1px;border-right-width:1px;padding-top:3rem;padding-right:2rem;padding-bottom:1rem;padding-left:0rem\">\n<div class=\"wp-block-group is-vertical is-layout-flex wp-container-core-group-is-layout-fe9cc265 wp-block-group-is-layout-flex\">\n<h2 class=\"wp-block-heading\" style=\"text-transform:uppercase\">GESTI\u00d3N INTEGRAL DE PROYECTOS<\/h2>\n\n\n\n<p>Operamos como Project Manager en toda Espa\u00f1a. Nos encargamos de la direcci\u00f3n y ejecuci\u00f3n de obras de tiendas, restauraci\u00f3n y locales sanitarios. Gestionamos licencias de obra y licencias de actividad. Estudiamos y adaptamos cada proyecto a las normas locales, auton\u00f3micas y nacionales. <\/p>\n<\/div>\n<\/div>\n<\/div>\n\n\n\n<div class=\"wp-block-column is-layout-flow wp-block-column-is-layout-flow\">\n<div style=\"height:58px\" aria-hidden=\"true\" class=\"wp-block-spacer\"><\/div>\n\n\n\n<div class=\"wp-block-group is-vertical is-content-justification-stretch is-layout-flex wp-container-core-group-is-layout-94bd9ed7 wp-block-group-is-layout-flex\" style=\"border-top-width:1px;border-right-width:1px;padding-top:3rem;padding-right:2rem;padding-bottom:1rem;padding-left:0rem\">\n<div class=\"wp-block-group is-vertical is-layout-flex wp-container-core-group-is-layout-fe9cc265 wp-block-group-is-layout-flex\">\n<h2 class=\"wp-block-heading\" style=\"text-transform:uppercase\">INTERIORISMO Y DECORACI\u00d3N<\/h2>\n\n\n\n<p>Realizamos proyectos de interiorismo y decoraci\u00f3n integrados en los aspectos arquitect\u00f3nicos. Realizamos asesoramiento integral en cuanto a amueblamiento, iluminaci\u00f3n y revestimientos, para adecuar el espacio al gusto y necesidades personales del cliente.<\/p>\n<\/div>\n<\/div>\n<\/div>\n<\/div>\n<\/div>\n\n\n\n<div style=\"height:18px\" aria-hidden=\"true\" class=\"wp-block-spacer\"><\/div>\n\n\n\n<div class=\"wp-block-media-text is-stacked-on-mobile\" style=\"margin-right:var(--wp--preset--spacing--40);margin-left:var(--wp--preset--spacing--40);padding-right:var(--wp--preset--spacing--40);padding-left:var(--wp--preset--spacing--40)\"><figure class=\"wp-block-media-text__media\"><img fetchpriority=\"high\" decoding=\"async\" width=\"1024\" height=\"768\" src=\"https:\/\/moralesdelpozo.com\/wp-content\/uploads\/2025\/11\/Imagen-de-WhatsApp-2025-10-16-a-las-09.13.28_6b2e62c5-1024x768.jpg\" alt=\"\" class=\"wp-image-1877 size-full\" srcset=\"https:\/\/moralesdelpozo.com\/wp-content\/uploads\/2025\/11\/Imagen-de-WhatsApp-2025-10-16-a-las-09.13.28_6b2e62c5-1024x768.jpg 1024w, https:\/\/moralesdelpozo.com\/wp-content\/uploads\/2025\/11\/Imagen-de-WhatsApp-2025-10-16-a-las-09.13.28_6b2e62c5-300x225.jpg 300w, https:\/\/moralesdelpozo.com\/wp-content\/uploads\/2025\/11\/Imagen-de-WhatsApp-2025-10-16-a-las-09.13.28_6b2e62c5-768x576.jpg 768w, https:\/\/moralesdelpozo.com\/wp-content\/uploads\/2025\/11\/Imagen-de-WhatsApp-2025-10-16-a-las-09.13.28_6b2e62c5-1536x1152.jpg 1536w, https:\/\/moralesdelpozo.com\/wp-content\/uploads\/2025\/11\/Imagen-de-WhatsApp-2025-10-16-a-las-09.13.28_6b2e62c5.jpg 2048w\" sizes=\"(max-width: 1024px) 100vw, 1024px\" \/><\/figure><div class=\"wp-block-media-text__content\">\n<h4 class=\"wp-block-heading has-large-font-size\">Macl\u00e1n Home \u00b7 Concept Store &amp; Interiorismo<\/h4>\n\n\n\n<p><em>Una marca creada desde MDP Estudio.<\/em><\/p>\n\n\n\n<p><\/p>\n\n\n\n<p>Macl\u00e1n Home es la extensi\u00f3n natural de Morales del Pozo Estudio. Una marca nacida con la voluntad de llevar el lenguaje arquitect\u00f3nico a los espacios interiores, acercando el dise\u00f1o a la vida cotidiana a trav\u00e9s de mobiliario, decoraci\u00f3n y proyectos personalizados.<\/p>\n\n\n\n<p>Explora nuestro universo m\u00e1s creativo: Colecciones, inspiraci\u00f3n y servicio de interiorismo.<\/p>\n\n\n\n<div class=\"wp-block-buttons is-content-justification-center is-layout-flex wp-container-core-buttons-is-layout-a89b3969 wp-block-buttons-is-layout-flex\">\n<div class=\"wp-block-button is-style-fill\"><a class=\"wp-block-button__link has-contrast-color has-text-color has-background has-link-color wp-element-button\" href=\"http:\/\/maclanhome.com\" style=\"background-color:#ddd4c6\"><strong>Visita Macl\u00e1n Home<\/strong><\/a><\/div>\n<\/div>\n<\/div><\/div>\n\n\n\n<div style=\"height:18px\" aria-hidden=\"true\" class=\"wp-block-spacer\"><\/div>\n","protected":false},"excerpt":{"rendered":"<p>SERVICIOS RETAIL Contamos con m\u00e1s de 10 a\u00f1os de experiencia en el sector Retail, en el dise\u00f1o de imagen y de mobiliario a medida, la implantaci\u00f3n de tiendas y labores de ingenier\u00eda. GESTI\u00d3N INTEGRAL DE PROYECTOS Operamos como Project Manager en toda Espa\u00f1a. Nos encargamos de la direcci\u00f3n y ejecuci\u00f3n de obras de tiendas, restauraci\u00f3n [&hellip;]<\/p>\n","protected":false},"author":1,"featured_media":0,"parent":0,"menu_order":0,"comment_status":"closed","ping_status":"closed","template":"","meta":{"footnotes":""},"class_list":["post-1503","page","type-page","status-publish","hentry"],"_links":{"self":[{"href":"https:\/\/moralesdelpozo.com\/index.php?rest_route=\/wp\/v2\/pages\/1503","targetHints":{"allow":["GET"]}}],"collection":[{"href":"https:\/\/moralesdelpozo.com\/index.php?rest_route=\/wp\/v2\/pages"}],"about":[{"href":"https:\/\/moralesdelpozo.com\/index.php?rest_route=\/wp\/v2\/types\/page"}],"author":[{"embeddable":true,"href":"https:\/\/moralesdelpozo.com\/index.php?rest_route=\/wp\/v2\/users\/1"}],"replies":[{"embeddable":true,"href":"https:\/\/moralesdelpozo.com\/index.php?rest_route=%2Fwp%2Fv2%2Fcomments&post=1503"}],"version-history":[{"count":38,"href":"https:\/\/moralesdelpozo.com\/index.php?rest_route=\/wp\/v2\/pages\/1503\/revisions"}],"predecessor-version":[{"id":2097,"href":"https:\/\/moralesdelpozo.com\/index.php?rest_route=\/wp\/v2\/pages\/1503\/revisions\/2097"}],"wp:attachment":[{"href":"https:\/\/moralesdelpozo.com\/index.php?rest_route=%2Fwp%2Fv2%2Fmedia&parent=1503"}],"curies":[{"name":"wp","href":"https:\/\/api.w.org\/{rel}","templated":true}]}}