{"id":1349,"date":"2025-05-20T11:28:41","date_gmt":"2025-05-20T09:28:41","guid":{"rendered":"https:\/\/moralesdelpozo.com\/?page_id=1349"},"modified":"2025-11-03T11:53:30","modified_gmt":"2025-11-03T10:53:30","slug":"estudio","status":"publish","type":"page","link":"https:\/\/moralesdelpozo.com\/?page_id=1349","title":{"rendered":"ESTUDIO"},"content":{"rendered":"\n<div class=\"wp-block-group is-nowrap is-layout-flex wp-container-core-group-is-layout-6c531013 wp-block-group-is-layout-flex\">\n<div class=\"wp-block-media-text is-stacked-on-mobile\" style=\"padding-right:var(--wp--preset--spacing--60);padding-left:var(--wp--preset--spacing--60);grid-template-columns:33% auto\"><figure class=\"wp-block-media-text__media\"><img fetchpriority=\"high\" decoding=\"async\" width=\"687\" height=\"1024\" src=\"https:\/\/moralesdelpozo.com\/wp-content\/uploads\/2025\/06\/ESTUDIO-687x1024.png\" alt=\"\" class=\"wp-image-1747 size-full\" srcset=\"https:\/\/moralesdelpozo.com\/wp-content\/uploads\/2025\/06\/ESTUDIO-687x1024.png 687w, https:\/\/moralesdelpozo.com\/wp-content\/uploads\/2025\/06\/ESTUDIO-201x300.png 201w, https:\/\/moralesdelpozo.com\/wp-content\/uploads\/2025\/06\/ESTUDIO-768x1146.png 768w, https:\/\/moralesdelpozo.com\/wp-content\/uploads\/2025\/06\/ESTUDIO-1030x1536.png 1030w, https:\/\/moralesdelpozo.com\/wp-content\/uploads\/2025\/06\/ESTUDIO-1373x2048.png 1373w, https:\/\/moralesdelpozo.com\/wp-content\/uploads\/2025\/06\/ESTUDIO-scaled.png 1716w\" sizes=\"(max-width: 687px) 100vw, 687px\" \/><\/figure><div class=\"wp-block-media-text__content\">\n<h1 class=\"wp-block-heading\">EL ESTUDIO<\/h1>\n\n\n\n<p>El <strong>Estudio Morales del Pozo<\/strong> abre sus puertas en 2014 con el objetivo de ofrecer una soluci\u00f3n global y real de los proyectos. Formado por un equipo especializado en <em>retail<\/em> y dise\u00f1o de viviendas, nuestros profesionales cuentan con una visi\u00f3n integral y din\u00e1mica de la arquitectura actual.<\/p>\n\n\n\n<p>El m\u00e9todo de MDP es tan detallado como innovador, equilibrando la tradici\u00f3n con la experimentaci\u00f3n. Con un apoyo tecnol\u00f3gico de vanguardia, muestra a sus clientes mediante diferentes formatos c\u00f3mo van a quedar sus viviendas o negocios. Gracias al auge de la realidad virtual en 3D, con ayuda de infograf\u00edas, recorridos virtuales y v\u00eddeos, los clientes vivir\u00e1n una experiencia \u00fanica.&nbsp;<\/p>\n<\/div><\/div>\n<\/div>\n\n\n\n<hr class=\"wp-block-separator has-alpha-channel-opacity\"\/>\n\n\n\n<div style=\"height:19px;width:98px\" aria-hidden=\"true\" class=\"wp-block-spacer\"><\/div>\n\n\n\n<div class=\"wp-block-group is-vertical is-content-justification-center is-layout-flex wp-container-core-group-is-layout-ce155fab wp-block-group-is-layout-flex\">\n<div class=\"wp-block-group is-content-justification-center is-nowrap is-layout-flex wp-container-core-group-is-layout-9110c23e wp-block-group-is-layout-flex\" style=\"padding-right:var(--wp--preset--spacing--60);padding-left:var(--wp--preset--spacing--60)\">\n<div class=\"wp-block-group alignwide is-layout-flow wp-block-group-is-layout-flow\">\n<div class=\"wp-block-media-text is-stacked-on-mobile\"><figure class=\"wp-block-media-text__media\"><img decoding=\"async\" width=\"1024\" height=\"683\" src=\"https:\/\/moralesdelpozo.com\/wp-content\/uploads\/2025\/11\/DSC0352-1024x683.png\" alt=\"\" class=\"wp-image-1836 size-full\" srcset=\"https:\/\/moralesdelpozo.com\/wp-content\/uploads\/2025\/11\/DSC0352-1024x683.png 1024w, https:\/\/moralesdelpozo.com\/wp-content\/uploads\/2025\/11\/DSC0352-300x200.png 300w, https:\/\/moralesdelpozo.com\/wp-content\/uploads\/2025\/11\/DSC0352-768x512.png 768w, https:\/\/moralesdelpozo.com\/wp-content\/uploads\/2025\/11\/DSC0352-1536x1024.png 1536w, https:\/\/moralesdelpozo.com\/wp-content\/uploads\/2025\/11\/DSC0352-2048x1365.png 2048w\" sizes=\"(max-width: 1024px) 100vw, 1024px\" \/><\/figure><div class=\"wp-block-media-text__content\">\n<h1 class=\"wp-block-heading has-text-align-center\">NUESTRO EQUIPO<\/h1>\n\n\n\n<p><strong>Liderazgo<\/strong><\/p>\n\n\n\n<p><strong>Francisco Morales del Pozo<\/strong> \u2013 CEO y Socio Fundador<br>Arquitecto T\u00e9cnico, Ingeniero de la Edificaci\u00f3n e Interiorista. Con m\u00e1s de 15 a\u00f1os de experiencia en proyectos de <em>retail<\/em>, vivienda e interiorismo, Francisco dirige el estudio con visi\u00f3n estrat\u00e9gica, compromiso con la calidad y pasi\u00f3n por el dise\u00f1o.<\/p>\n\n\n\n<hr class=\"wp-block-separator has-alpha-channel-opacity\"\/>\n\n\n\n<p><\/p>\n\n\n\n<h2 class=\"wp-block-heading\"><strong>El equipo detr\u00e1s del estudio<\/strong><\/h2>\n\n\n\n<p>Nuestro equipo est\u00e1 conformado por profesionales especializados \u2014arquitectos, dise\u00f1adores gr\u00e1ficos, gestores de obra, t\u00e9cnicos de administraci\u00f3n\u2014 que trabajan unidos entorno a un objetivo com\u00fan: ofrecer soluciones integrales, innovadoras y personalizadas a cada proyecto.<br>Los integrantes del equipo aportan su conocimiento, atenci\u00f3n al detalle y creatividad, adapt\u00e1ndose a las exigencias del cliente y al contexto de cada obra.<\/p>\n<\/div><\/div>\n<\/div>\n<\/div>\n\n\n\n<div style=\"height:19px;width:0px\" aria-hidden=\"true\" class=\"wp-block-spacer wp-container-content-9760934e\"><\/div>\n<\/div>\n\n\n\n<hr class=\"wp-block-separator has-text-color has-accent-6-color has-alpha-channel-opacity has-accent-6-background-color has-background is-style-default\" style=\"margin-top:var(--wp--preset--spacing--40);margin-bottom:var(--wp--preset--spacing--40)\"\/>\n\n\n\n<figure class=\"wp-block-image aligncenter size-large is-resized\"><img decoding=\"async\" width=\"1024\" height=\"231\" src=\"https:\/\/moralesdelpozo.com\/wp-content\/uploads\/2025\/06\/FRONT-1024x231.png\" alt=\"\" class=\"wp-image-1737\" style=\"aspect-ratio:4.443663963794079;width:1273px;height:auto\" srcset=\"https:\/\/moralesdelpozo.com\/wp-content\/uploads\/2025\/06\/FRONT-1024x231.png 1024w, https:\/\/moralesdelpozo.com\/wp-content\/uploads\/2025\/06\/FRONT-300x68.png 300w, https:\/\/moralesdelpozo.com\/wp-content\/uploads\/2025\/06\/FRONT-768x173.png 768w, https:\/\/moralesdelpozo.com\/wp-content\/uploads\/2025\/06\/FRONT-1536x346.png 1536w, https:\/\/moralesdelpozo.com\/wp-content\/uploads\/2025\/06\/FRONT-2048x461.png 2048w\" sizes=\"(max-width: 1024px) 100vw, 1024px\" \/><\/figure>\n\n\n\n<h1 class=\"wp-block-heading has-text-align-center\">SERVICIOS<\/h1>\n\n\n\n<div class=\"wp-block-columns is-layout-flex wp-container-core-columns-is-layout-28f84493 wp-block-columns-is-layout-flex\">\n<div class=\"wp-block-column is-layout-flow wp-block-column-is-layout-flow\" style=\"flex-basis:10%\"><\/div>\n\n\n\n<div class=\"wp-block-column is-layout-flow wp-block-column-is-layout-flow\" style=\"padding-right:var(--wp--preset--spacing--50);padding-left:var(--wp--preset--spacing--50)\">\n<p>Contamos con m\u00e1s de 10 a\u00f1os de experiencia en el sector\u00a0<em><strong>Retail<\/strong><\/em>, tanto en el dise\u00f1o de imagen, la implantaci\u00f3n de tienda e ingenier\u00eda de espacios comerciales. Colaboramos con marcas l\u00edderes como\u00a0<strong>\u00c1lvaro Moreno<\/strong>,\u00a0<strong>Arenal Perfumer\u00edas<\/strong>, <strong>Tramas, Real Betis,<\/strong> <strong>Esenzia<\/strong>,\u00a0<strong>Atalaya Perfumer\u00edas<\/strong>,\u00a0<strong>Vero Modas<\/strong>, <strong>Casa Pastor<\/strong>\u00a0o <strong>Havaianas<\/strong>. Adem\u00e1s, destacamos por:<\/p>\n\n\n\n<ul class=\"wp-block-list\">\n<li><strong>Dise\u00f1o de viviendas <\/strong>\u2013 Proyectos personalizados para hacer realidad tu hogar so\u00f1ado.<\/li>\n\n\n\n<li>&nbsp;<strong>Reformas integrales<\/strong> \u2013 Transformamos tu espacio con un dise\u00f1o funcional y est\u00e9tico.<\/li>\n\n\n\n<li>&nbsp;<strong>Interiorismo<\/strong> \u2013 Creaci\u00f3n de ambientes \u00fanicos, equilibrando estilo y confort.<\/li>\n\n\n\n<li>&nbsp;<strong>Locales comerciales<\/strong> \u2013 Dise\u00f1o estrat\u00e9gico para potenciar la imagen de tu negocio.<\/li>\n\n\n\n<li>&nbsp;<strong>Asesor\u00eda y gesti\u00f3n<\/strong> \u2013 Desde proyectos de actividad a certificados de&nbsp; eficiencia energ\u00e9tica.<\/li>\n\n\n\n<li>&nbsp;<strong>Renders y visualizaci\u00f3n 3D<\/strong> \u2013 Im\u00e1genes realistas para que visualices tu proyecto antes de construir.<\/li>\n<\/ul>\n<\/div>\n\n\n\n<div class=\"wp-block-column is-layout-flow wp-block-column-is-layout-flow\" style=\"flex-basis:10%\"><\/div>\n<\/div>\n\n\n\n<div style=\"height:25px;width:301px\" aria-hidden=\"true\" class=\"wp-block-spacer\"><\/div>\n\n\n\n<hr class=\"wp-block-separator has-alpha-channel-opacity\"\/>\n","protected":false},"excerpt":{"rendered":"<p>EL ESTUDIO El Estudio Morales del Pozo abre sus puertas en 2014 con el objetivo de ofrecer una soluci\u00f3n global y real de los proyectos. Formado por un equipo especializado en retail y dise\u00f1o de viviendas, nuestros profesionales cuentan con una visi\u00f3n integral y din\u00e1mica de la arquitectura actual. El m\u00e9todo de MDP es tan [&hellip;]<\/p>\n","protected":false},"author":1,"featured_media":0,"parent":0,"menu_order":0,"comment_status":"closed","ping_status":"closed","template":"","meta":{"footnotes":""},"class_list":["post-1349","page","type-page","status-publish","hentry"],"_links":{"self":[{"href":"https:\/\/moralesdelpozo.com\/index.php?rest_route=\/wp\/v2\/pages\/1349","targetHints":{"allow":["GET"]}}],"collection":[{"href":"https:\/\/moralesdelpozo.com\/index.php?rest_route=\/wp\/v2\/pages"}],"about":[{"href":"https:\/\/moralesdelpozo.com\/index.php?rest_route=\/wp\/v2\/types\/page"}],"author":[{"embeddable":true,"href":"https:\/\/moralesdelpozo.com\/index.php?rest_route=\/wp\/v2\/users\/1"}],"replies":[{"embeddable":true,"href":"https:\/\/moralesdelpozo.com\/index.php?rest_route=%2Fwp%2Fv2%2Fcomments&post=1349"}],"version-history":[{"count":7,"href":"https:\/\/moralesdelpozo.com\/index.php?rest_route=\/wp\/v2\/pages\/1349\/revisions"}],"predecessor-version":[{"id":1838,"href":"https:\/\/moralesdelpozo.com\/index.php?rest_route=\/wp\/v2\/pages\/1349\/revisions\/1838"}],"wp:attachment":[{"href":"https:\/\/moralesdelpozo.com\/index.php?rest_route=%2Fwp%2Fv2%2Fmedia&parent=1349"}],"curies":[{"name":"wp","href":"https:\/\/api.w.org\/{rel}","templated":true}]}}