{"id":1331,"date":"2025-05-20T10:51:45","date_gmt":"2025-05-20T08:51:45","guid":{"rendered":"https:\/\/moralesdelpozo.com\/?page_id=1331"},"modified":"2025-11-26T13:02:46","modified_gmt":"2025-11-26T12:02:46","slug":"contacto","status":"publish","type":"page","link":"https:\/\/moralesdelpozo.com\/?page_id=1331","title":{"rendered":"Contacto"},"content":{"rendered":"\n<div class=\"wp-block-group alignfull is-style-section-1 has-global-padding is-content-justification-center is-layout-constrained wp-block-group-is-layout-constrained is-style-section-1--1\" style=\"margin-top:0;margin-bottom:0;padding-top:var(--wp--preset--spacing--50);padding-bottom:var(--wp--preset--spacing--50)\">\n<div class=\"wp-block-columns alignwide is-style-section-1 is-layout-flex wp-container-core-columns-is-layout-47c06fe3 wp-block-columns-is-layout-flex is-style-section-1--2\">\n<div class=\"wp-block-column is-vertically-aligned-top is-layout-flow wp-block-column-is-layout-flow\">\n<div class=\"wp-block-group is-vertical is-content-justification-stretch is-layout-flex wp-container-core-group-is-layout-002d79c7 wp-block-group-is-layout-flex\" style=\"min-height:100%;padding-right:var(--wp--preset--spacing--60);padding-left:var(--wp--preset--spacing--60)\">\n<h2 class=\"wp-block-heading is-style-text-display has-xx-large-font-size is-style-text-display--3\">CONTACTA CON NOSOTROS<\/h2>\n\n\n\n<hr class=\"wp-block-separator has-alpha-channel-opacity is-style-default\" style=\"margin-top:0;margin-bottom:0\"\/>\n\n\n\n<pre class=\"wp-block-verse\"><strong>DIRECCI\u00d3N<\/strong><br>Calle Mesones, 22 Local A<br>41560  -  Estepa, Sevilla<br>Espa\u00f1a<\/pre>\n\n\n\n<pre class=\"wp-block-verse\"><strong>TEL\u00c9FONO<\/strong><br>+<a href=\"tel:34955212984\">34 955 21 29 84<\/a><br><a href=\"tel:34744786234\">+34 744 78 62 34<\/a><\/pre>\n\n\n\n<pre class=\"wp-block-verse\"><strong>CORREO<\/strong><br><a href=\"mailto:info@moralesdelpozo.com\">info@moralesdelpozo.com<\/a><\/pre>\n<\/div>\n<\/div>\n\n\n\n<div class=\"wp-block-column is-vertically-aligned-top is-layout-flow wp-block-column-is-layout-flow\">\n<figure class=\"wp-block-image size-full is-resized size-large\"><a href=\"https:\/\/maps.app.goo.gl\/g2jL66k1r6vspxYw9\"><img fetchpriority=\"high\" decoding=\"async\" width=\"800\" height=\"800\" src=\"https:\/\/moralesdelpozo.com\/wp-content\/uploads\/2025\/05\/MAPS-MDP2.png\" alt=\"\" class=\"wp-image-1164\" style=\"width:536px;height:auto\" srcset=\"https:\/\/moralesdelpozo.com\/wp-content\/uploads\/2025\/05\/MAPS-MDP2.png 800w, https:\/\/moralesdelpozo.com\/wp-content\/uploads\/2025\/05\/MAPS-MDP2-300x300.png 300w, https:\/\/moralesdelpozo.com\/wp-content\/uploads\/2025\/05\/MAPS-MDP2-150x150.png 150w, https:\/\/moralesdelpozo.com\/wp-content\/uploads\/2025\/05\/MAPS-MDP2-768x768.png 768w\" sizes=\"(max-width: 800px) 100vw, 800px\" \/><\/a><\/figure>\n<\/div>\n<\/div>\n<\/div>\n","protected":false},"excerpt":{"rendered":"<p>CONTACTA CON NOSOTROS DIRECCI\u00d3NCalle Mesones, 22 Local A41560 &#8211; Estepa, SevillaEspa\u00f1a TEL\u00c9FONO+34 955 21 29 84+34 744 78 62 34 CORREOinfo@moralesdelpozo.com<\/p>\n","protected":false},"author":1,"featured_media":0,"parent":0,"menu_order":0,"comment_status":"closed","ping_status":"closed","template":"","meta":{"footnotes":""},"class_list":["post-1331","page","type-page","status-publish","hentry"],"_links":{"self":[{"href":"https:\/\/moralesdelpozo.com\/index.php?rest_route=\/wp\/v2\/pages\/1331","targetHints":{"allow":["GET"]}}],"collection":[{"href":"https:\/\/moralesdelpozo.com\/index.php?rest_route=\/wp\/v2\/pages"}],"about":[{"href":"https:\/\/moralesdelpozo.com\/index.php?rest_route=\/wp\/v2\/types\/page"}],"author":[{"embeddable":true,"href":"https:\/\/moralesdelpozo.com\/index.php?rest_route=\/wp\/v2\/users\/1"}],"replies":[{"embeddable":true,"href":"https:\/\/moralesdelpozo.com\/index.php?rest_route=%2Fwp%2Fv2%2Fcomments&post=1331"}],"version-history":[{"count":5,"href":"https:\/\/moralesdelpozo.com\/index.php?rest_route=\/wp\/v2\/pages\/1331\/revisions"}],"predecessor-version":[{"id":1939,"href":"https:\/\/moralesdelpozo.com\/index.php?rest_route=\/wp\/v2\/pages\/1331\/revisions\/1939"}],"wp:attachment":[{"href":"https:\/\/moralesdelpozo.com\/index.php?rest_route=%2Fwp%2Fv2%2Fmedia&parent=1331"}],"curies":[{"name":"wp","href":"https:\/\/api.w.org\/{rel}","templated":true}]}}